{"id":18977,"date":"2026-02-16T10:18:09","date_gmt":"2026-02-16T10:18:09","guid":{"rendered":"https:\/\/investcasa.pt\/servicos\/"},"modified":"2026-02-27T11:22:22","modified_gmt":"2026-02-27T11:22:22","slug":"servicos","status":"publish","type":"page","link":"https:\/\/investcasa.pt\/pt-pt\/servicos\/","title":{"rendered":"Servi\u00e7os"},"content":{"rendered":"\t\t<div data-elementor-type=\"wp-page\" data-elementor-id=\"18977\" class=\"elementor elementor-18977 elementor-18689\" data-elementor-post-type=\"page\">\n\t\t\t\t<div class=\"elementor-element elementor-element-4283158 e-flex e-con-boxed e-con e-parent\" data-id=\"4283158\" data-element_type=\"container\" data-e-type=\"container\" data-settings=\"{&quot;background_background&quot;:&quot;classic&quot;}\">\n\t\t\t\t\t<div class=\"e-con-inner\">\n\t\t\t\t<div class=\"elementor-element elementor-element-603fabb elementor-widget elementor-widget-mh_spacer\" data-id=\"603fabb\" data-element_type=\"widget\" data-e-type=\"widget\" data-widget_type=\"mh_spacer.default\">\n\t\t\t\t<div class=\"elementor-widget-container\">\n\t\t\t\t\t<div class=\"myhome-spacer myhome-spacer--extra-large\">\n    <!-- MyHome Spacer -->\n<\/div>\n\t\t\t\t<\/div>\n\t\t\t\t<\/div>\n\t\t\t\t<div class=\"elementor-element elementor-element-6ef0390 elementor-widget elementor-widget-mh_spacer\" data-id=\"6ef0390\" data-element_type=\"widget\" data-e-type=\"widget\" data-widget_type=\"mh_spacer.default\">\n\t\t\t\t<div class=\"elementor-widget-container\">\n\t\t\t\t\t<div class=\"myhome-spacer myhome-spacer--medium\">\n    <!-- MyHome Spacer -->\n<\/div>\n\t\t\t\t<\/div>\n\t\t\t\t<\/div>\n\t\t\t\t<div class=\"elementor-element elementor-element-7993b87 elementor-widget elementor-widget-heading\" data-id=\"7993b87\" data-element_type=\"widget\" data-e-type=\"widget\" data-widget_type=\"heading.default\">\n\t\t\t\t\t<h1 class=\"elementor-heading-title elementor-size-default\">Servi\u00e7os<\/h1>\t\t\t\t<\/div>\n\t\t\t\t<div class=\"elementor-element elementor-element-854d762 elementor-widget elementor-widget-mh_spacer\" data-id=\"854d762\" data-element_type=\"widget\" data-e-type=\"widget\" data-widget_type=\"mh_spacer.default\">\n\t\t\t\t<div class=\"elementor-widget-container\">\n\t\t\t\t\t<div class=\"myhome-spacer myhome-spacer--small\">\n    <!-- MyHome Spacer -->\n<\/div>\n\t\t\t\t<\/div>\n\t\t\t\t<\/div>\n\t\t\t\t<div class=\"elementor-element elementor-element-493824f elementor-widget elementor-widget-text-editor\" data-id=\"493824f\" data-element_type=\"widget\" data-e-type=\"widget\" data-widget_type=\"text-editor.default\">\n\t\t\t\t\t\t\t\t\t<p>Orienta\u00e7\u00e3o real em quem pode confiar.<\/p>\t\t\t\t\t\t\t\t<\/div>\n\t\t\t\t<div class=\"elementor-element elementor-element-4f4d4d3 elementor-widget elementor-widget-mh_spacer\" data-id=\"4f4d4d3\" data-element_type=\"widget\" data-e-type=\"widget\" data-widget_type=\"mh_spacer.default\">\n\t\t\t\t<div class=\"elementor-widget-container\">\n\t\t\t\t\t<div class=\"myhome-spacer myhome-spacer--extra-large\">\n    <!-- MyHome Spacer -->\n<\/div>\n\t\t\t\t<\/div>\n\t\t\t\t<\/div>\n\t\t\t\t\t<\/div>\n\t\t\t\t<\/div>\n\t\t<div class=\"elementor-element elementor-element-9e3c4da e-flex e-con-boxed e-con e-parent\" data-id=\"9e3c4da\" data-element_type=\"container\" data-e-type=\"container\">\n\t\t\t\t\t<div class=\"e-con-inner\">\n\t\t\t\t<div class=\"elementor-element elementor-element-a50d2ef elementor-widget elementor-widget-mh_spacer\" data-id=\"a50d2ef\" data-element_type=\"widget\" data-e-type=\"widget\" data-widget_type=\"mh_spacer.default\">\n\t\t\t\t<div class=\"elementor-widget-container\">\n\t\t\t\t\t<div class=\"myhome-spacer myhome-spacer--extra-large\">\n    <!-- MyHome Spacer -->\n<\/div>\n\t\t\t\t<\/div>\n\t\t\t\t<\/div>\n\t\t\t\t<div class=\"elementor-element elementor-element-086ca81 elementor-widget elementor-widget-mh_services\" data-id=\"086ca81\" data-element_type=\"widget\" data-e-type=\"widget\" data-widget_type=\"mh_services.default\">\n\t\t\t\t<div class=\"elementor-widget-container\">\n\t\t\t\t\t\n<div class=\"myhome-services-widget__grid\">\n            <div class=\"myhome-services-widget__card\">\n                            <div class=\"myhome-services-widget__icon\">\n                    <i aria-hidden=\"true\" class=\"fas fa-building\"><\/i>                <\/div>\n            \n                            <h3 class=\"myhome-services-widget__title\">\n                    Arrendar                <\/h3>\n            \n                            <div class=\"myhome-services-widget__description\">\n                     Tell us what you need to rent and we\u2019ll find options that fit your lifestyle.                <\/div>\n            \n                                            \n                                    <a href=\"https:\/\/investcasa.pt\/rent\/\" \n                       class=\"myhome-services-widget__link\" target=\"_blank\" rel=\"nofollow\">\n                        Ver Pacotes de Arrendamento                                                    <i class=\"fas fa-arrow-right\"><\/i>\n                                            <\/a>\n                                    <\/div>\n            <div class=\"myhome-services-widget__card\">\n                            <div class=\"myhome-services-widget__icon\">\n                    <i aria-hidden=\"true\" class=\"far fa-handshake\"><\/i>                <\/div>\n            \n                            <h3 class=\"myhome-services-widget__title\">\n                    Venda                <\/h3>\n            \n                            <div class=\"myhome-services-widget__description\">\n                    Partilhe os detalhes do seu im\u00f3vel e guiaremos atrav\u00e9s de uma venda suave.                <\/div>\n            \n                                            \n                                    <a href=\"https:\/\/investcasa.pt\/sale\/\" \n                       class=\"myhome-services-widget__link\" target=\"_blank\" rel=\"nofollow\">\n                        Ver Pacotes de Venda                                                    <i class=\"fas fa-arrow-right\"><\/i>\n                                            <\/a>\n                                    <\/div>\n            <div class=\"myhome-services-widget__card\">\n                            <div class=\"myhome-services-widget__icon\">\n                    <i aria-hidden=\"true\" class=\"fas fa-palette\"><\/i>                <\/div>\n            \n                            <h3 class=\"myhome-services-widget__title\">\n                    Arquitetura                <\/h3>\n            \n                            <div class=\"myhome-services-widget__description\">\n                    Descreva a sua vis\u00e3o e os nossos arquitetos dar\u00e3o forma a ela num plano claro.                <\/div>\n            \n                                            \n                                    <a href=\"https:\/\/investcasa.pt\/architecture-services\/\" \n                       class=\"myhome-services-widget__link\" target=\"_blank\">\n                        Veja o servi\u00e7o de arquitetura                                                    <i class=\"fas fa-arrow-right\"><\/i>\n                                            <\/a>\n                                    <\/div>\n    <\/div>\t\t\t\t<\/div>\n\t\t\t\t<\/div>\n\t\t\t\t<div class=\"elementor-element elementor-element-cb70cc7 elementor-widget elementor-widget-mh_spacer\" data-id=\"cb70cc7\" data-element_type=\"widget\" data-e-type=\"widget\" data-widget_type=\"mh_spacer.default\">\n\t\t\t\t<div class=\"elementor-widget-container\">\n\t\t\t\t\t<div class=\"myhome-spacer myhome-spacer--extra-large\">\n    <!-- MyHome Spacer -->\n<\/div>\n\t\t\t\t<\/div>\n\t\t\t\t<\/div>\n\t\t\t\t\t<\/div>\n\t\t\t\t<\/div>\n\t\t<div class=\"elementor-element elementor-element-772af50 e-flex e-con-boxed e-con e-parent\" data-id=\"772af50\" data-element_type=\"container\" data-e-type=\"container\" data-settings=\"{&quot;background_background&quot;:&quot;classic&quot;}\">\n\t\t\t\t\t<div class=\"e-con-inner\">\n\t\t\t\t<div class=\"elementor-element elementor-element-46fe129 elementor-widget elementor-widget-mh_spacer\" data-id=\"46fe129\" data-element_type=\"widget\" data-e-type=\"widget\" data-widget_type=\"mh_spacer.default\">\n\t\t\t\t<div class=\"elementor-widget-container\">\n\t\t\t\t\t<div class=\"myhome-spacer myhome-spacer--extra-large\">\n    <!-- MyHome Spacer -->\n<\/div>\n\t\t\t\t<\/div>\n\t\t\t\t<\/div>\n\t\t<div class=\"elementor-element elementor-element-57ef788 e-con-full e-flex e-con e-child\" data-id=\"57ef788\" data-element_type=\"container\" data-e-type=\"container\" data-settings=\"{&quot;background_background&quot;:&quot;classic&quot;}\">\n\t\t\t\t<div class=\"elementor-element elementor-element-b8eb30a elementor-widget elementor-widget-mh_spacer\" data-id=\"b8eb30a\" data-element_type=\"widget\" data-e-type=\"widget\" data-widget_type=\"mh_spacer.default\">\n\t\t\t\t<div class=\"elementor-widget-container\">\n\t\t\t\t\t<div class=\"myhome-spacer myhome-spacer--large\">\n    <!-- MyHome Spacer -->\n<\/div>\n\t\t\t\t<\/div>\n\t\t\t\t<\/div>\n\t\t\t\t<div class=\"elementor-element elementor-element-a1ee5cd elementor-widget-mobile__width-initial elementor-widget elementor-widget-heading\" data-id=\"a1ee5cd\" data-element_type=\"widget\" data-e-type=\"widget\" data-widget_type=\"heading.default\">\n\t\t\t\t\t<h4 class=\"elementor-heading-title elementor-size-default\">Pronto para investir em Portugal com os nossos servi\u00e7os de arrendamento, vendas e design?<\/h4>\t\t\t\t<\/div>\n\t\t\t\t<div class=\"elementor-element elementor-element-5cae6cd elementor-widget elementor-widget-mh_spacer\" data-id=\"5cae6cd\" data-element_type=\"widget\" data-e-type=\"widget\" data-widget_type=\"mh_spacer.default\">\n\t\t\t\t<div class=\"elementor-widget-container\">\n\t\t\t\t\t<div class=\"myhome-spacer myhome-spacer--small\">\n    <!-- MyHome Spacer -->\n<\/div>\n\t\t\t\t<\/div>\n\t\t\t\t<\/div>\n\t\t\t\t<div class=\"elementor-element elementor-element-2a41c29 elementor-widget-mobile__width-initial elementor-widget elementor-widget-text-editor\" data-id=\"2a41c29\" data-element_type=\"widget\" data-e-type=\"widget\" data-widget_type=\"text-editor.default\">\n\t\t\t\t\t\t\t\t\t<p class=\"cta-subtitle\">Entre em contacto e falemos sobre o que procura.<\/p>\t\t\t\t\t\t\t\t<\/div>\n\t\t\t\t<div class=\"elementor-element elementor-element-5b74c35 elementor-widget elementor-widget-mh_spacer\" data-id=\"5b74c35\" data-element_type=\"widget\" data-e-type=\"widget\" data-widget_type=\"mh_spacer.default\">\n\t\t\t\t<div class=\"elementor-widget-container\">\n\t\t\t\t\t<div class=\"myhome-spacer myhome-spacer--large\">\n    <!-- MyHome Spacer -->\n<\/div>\n\t\t\t\t<\/div>\n\t\t\t\t<\/div>\n\t\t\t\t<div class=\"elementor-element elementor-element-a2fb415 elementor-widget elementor-widget-mh_button\" data-id=\"a2fb415\" data-element_type=\"widget\" data-e-type=\"widget\" data-widget_type=\"mh_button.default\">\n\t\t\t\t<div class=\"elementor-widget-container\">\n\t\t\t\t\t<div class=\"myhome-button-wrapper\">\n    <a\n            class=\"myhome-button myhome-button--primary-1\"\n            href=\"\"\n            title=\"Contacte-nos\"\n    >\n        <span>\n            Contacte-nos\n                    <\/span>\n    <\/a>\n<\/div>\t\t\t\t<\/div>\n\t\t\t\t<\/div>\n\t\t\t\t<div class=\"elementor-element elementor-element-f775fdc elementor-widget elementor-widget-mh_spacer\" data-id=\"f775fdc\" data-element_type=\"widget\" data-e-type=\"widget\" data-widget_type=\"mh_spacer.default\">\n\t\t\t\t<div class=\"elementor-widget-container\">\n\t\t\t\t\t<div class=\"myhome-spacer myhome-spacer--large\">\n    <!-- MyHome Spacer -->\n<\/div>\n\t\t\t\t<\/div>\n\t\t\t\t<\/div>\n\t\t\t\t<\/div>\n\t\t\t\t<div class=\"elementor-element elementor-element-959cd02 elementor-widget elementor-widget-mh_spacer\" data-id=\"959cd02\" data-element_type=\"widget\" data-e-type=\"widget\" data-widget_type=\"mh_spacer.default\">\n\t\t\t\t<div class=\"elementor-widget-container\">\n\t\t\t\t\t<div class=\"myhome-spacer myhome-spacer--extra-large\">\n    <!-- MyHome Spacer -->\n<\/div>\n\t\t\t\t<\/div>\n\t\t\t\t<\/div>\n\t\t\t\t\t<\/div>\n\t\t\t\t<\/div>\n\t\t\t\t<\/div>\n\t\t","protected":false},"excerpt":{"rendered":"<p>Servi\u00e7os Orienta\u00e7\u00e3o real em quem pode confiar. Arrendar Tell us what you need to rent and we\u2019ll find options that fit your lifestyle. Ver Pacotes de Arrendamento Venda Partilhe os detalhes do seu im\u00f3vel e guiaremos atrav\u00e9s de uma venda suave. Ver Pacotes de Venda Arquitetura Descreva a sua vis\u00e3o e os nossos arquitetos dar\u00e3o [&hellip;]<\/p>\n","protected":false},"author":1,"featured_media":0,"parent":0,"menu_order":0,"comment_status":"closed","ping_status":"closed","template":"","meta":{"footnotes":""},"class_list":["post-18977","page","type-page","status-publish","hentry"],"_links":{"self":[{"href":"https:\/\/investcasa.pt\/pt-pt\/wp-json\/wp\/v2\/pages\/18977","targetHints":{"allow":["GET"]}}],"collection":[{"href":"https:\/\/investcasa.pt\/pt-pt\/wp-json\/wp\/v2\/pages"}],"about":[{"href":"https:\/\/investcasa.pt\/pt-pt\/wp-json\/wp\/v2\/types\/page"}],"author":[{"embeddable":true,"href":"https:\/\/investcasa.pt\/pt-pt\/wp-json\/wp\/v2\/users\/1"}],"replies":[{"embeddable":true,"href":"https:\/\/investcasa.pt\/pt-pt\/wp-json\/wp\/v2\/comments?post=18977"}],"version-history":[{"count":12,"href":"https:\/\/investcasa.pt\/pt-pt\/wp-json\/wp\/v2\/pages\/18977\/revisions"}],"predecessor-version":[{"id":19462,"href":"https:\/\/investcasa.pt\/pt-pt\/wp-json\/wp\/v2\/pages\/18977\/revisions\/19462"}],"wp:attachment":[{"href":"https:\/\/investcasa.pt\/pt-pt\/wp-json\/wp\/v2\/media?parent=18977"}],"curies":[{"name":"wp","href":"https:\/\/api.w.org\/{rel}","templated":true}]}}